{"id":88825,"date":"2021-03-19T11:24:19","date_gmt":"2021-03-19T10:24:19","guid":{"rendered":"https:\/\/undsgn.com\/uncode\/?page_id=88825"},"modified":"2024-09-09T15:50:36","modified_gmt":"2024-09-09T12:20:36","slug":"branches","status":"publish","type":"page","link":"https:\/\/shahnazparsa.com\/tr\/pages\/branches\/","title":{"rendered":"Branches"},"content":{"rendered":"<div class=\"wpb-content-wrapper\"><p>[vc_row unlock_row_content=&#8221;yes&#8221; row_height_percent=&#8221;100&#8243; override_padding=&#8221;yes&#8221; h_padding=&#8221;2&#8243; top_padding=&#8221;4&#8243; bottom_padding=&#8221;4&#8243; back_color=&#8221;color-prif&#8221; back_image=&#8221;142060&#8243; kburns=&#8221;yes&#8221; overlay_color=&#8221;color-nhtu&#8221; overlay_alpha=&#8221;60&#8243; gutter_size=&#8221;3&#8243; column_width_percent=&#8221;100&#8243; shift_y=&#8221;0&#8243; z_index=&#8221;0&#8243; enable_bottom_divider=&#8221;default&#8221; bottom_divider=&#8221;gradient&#8221; shape_bottom_h_use_pixel=&#8221;true&#8221; shape_bottom_height_percent=&#8221;100&#8243; shape_bottom_opacity=&#8221;1&#8243; shape_bottom_index=&#8221;0&#8243; uncode_shortcode_id=&#8221;169687&#8243; back_color_type=&#8221;uncode-palette&#8221; overlay_color_type=&#8221;uncode-palette&#8221;][vc_column column_width_percent=&#8221;100&#8243; position_vertical=&#8221;bottom&#8221; gutter_size=&#8221;3&#8243; style=&#8221;dark&#8221; overlay_alpha=&#8221;50&#8243; shift_x=&#8221;0&#8243; shift_y=&#8221;0&#8243; medium_width=&#8221;0&#8243; zoom_width=&#8221;0&#8243; zoom_height=&#8221;0&#8243; width=&#8221;1\/1&#8243;][vc_custom_heading text_color=&#8221;color-xsdn&#8221; heading_semantic=&#8221;h1&#8243; text_font=&#8221;font-136269&#8243; text_size=&#8221;fontsize-155944&#8243; text_transform=&#8221;uppercase&#8221; text_height=&#8221;fontheight-179065&#8243; sub_reduced=&#8221;yes&#8221; text_uppercase=&#8221;&#8221; uncode_shortcode_id=&#8221;127253&#8243; text_color_type=&#8221;uncode-palette&#8221;]our branches[\/vc_custom_heading][\/vc_column][\/vc_row][vc_row row_height_percent=&#8221;100&#8243; override_padding=&#8221;yes&#8221; h_padding=&#8221;4&#8243; top_padding=&#8221;4&#8243; bottom_padding=&#8221;4&#8243; back_image=&#8221;142063&#8243; back_position=&#8221;center top&#8221; overlay_color=&#8221;color-rgdb&#8221; overlay_alpha=&#8221;80&#8243; gutter_size=&#8221;3&#8243; column_width_percent=&#8221;100&#8243; shift_y=&#8221;0&#8243; z_index=&#8221;0&#8243; uncode_shortcode_id=&#8221;181542&#8243; overlay_color_type=&#8221;uncode-palette&#8221; back_size=&#8221;contain&#8221;][vc_column column_width_percent=&#8221;90&#8243; position_horizontal=&#8221;left&#8221; gutter_size=&#8221;3&#8243; font_family=&#8221;font-846016&#8243; overlay_alpha=&#8221;100&#8243; shift_x=&#8221;0&#8243; shift_y=&#8221;0&#8243; shift_y_down=&#8221;0&#8243; z_index=&#8221;0&#8243; medium_width=&#8221;5&#8243; mobile_width=&#8221;0&#8243; zoom_width=&#8221;0&#8243; zoom_height=&#8221;0&#8243; width=&#8221;7\/12&#8243; uncode_shortcode_id=&#8221;107675&#8243;][vc_custom_heading 1=&#8221;&#8221; 2=&#8221;style=&#8220;&#8220;color:&#8221; 3=&#8221;white&#8220;;&#8220;&gt;Me\u015frutiyet,&#8221; 4=&#8221;Hac\u0131&#8221; 5=&#8221;Mansur&#8221; 6=&#8221;Sk.&#8221; 7=&#8221;Nil&#8221; 8=&#8221;Apt.&#8221; 9=&#8221;15,&#8221; 10=&#8221;Kat&#8221; 11=&#8221;1,&#8221; 12=&#8221;NO.3,&#8221; 13=&#8221;34363&#8243; 14=&#8221;\u015ei\u015fli\/\u0130stanbul,&#8221; 15=&#8221;Istanbul,&#8221; 16=&#8221;Turkey&#8221; 17=&#8221;&#8221; 18=&#8221;style=&#8220;&#8220;color:&#8221; 19=&#8221;white&#8220;;&#8220;&gt;tel:&#8221; 20=&#8221;+90&#8243; 21=&#8221;0537&#8243; 22=&#8221;0116834&#8220;&#8221; text_color=&#8221;color-xsdn&#8221; text_size=&#8221;h3&#8243; sub_lead=&#8221;yes&#8221; text_align=&#8221;text-left&#8221; text_uppercase=&#8221;&#8221; uncode_shortcode_id=&#8221;175260&#8243; text_color_type=&#8221;uncode-palette&#8221; text_color_solid=&#8221;#ff0000&#8243; subheading=&#8221;Istanbul, T\u00fcrkiye<br \/>\ntel: +90 0537 0116834&#8243;]T\u00fcrkiye (Central office)[\/vc_custom_heading]<p class=\"wpcf7-contact-form-not-found\"><strong>Hata:<\/strong> \u0130leti\u015fim formu bulunamad\u0131.<\/p>[\/vc_column][vc_column column_width_percent=&#8221;100&#8243; position_horizontal=&#8221;left&#8221; gutter_size=&#8221;3&#8243; font_family=&#8221;font-846016&#8243; overlay_alpha=&#8221;100&#8243; shift_x=&#8221;0&#8243; shift_y=&#8221;0&#8243; shift_y_down=&#8221;0&#8243; z_index=&#8221;0&#8243; medium_width=&#8221;3&#8243; mobile_width=&#8221;0&#8243; zoom_width=&#8221;0&#8243; zoom_height=&#8221;0&#8243; width=&#8221;5\/12&#8243; uncode_shortcode_id=&#8221;184029&#8243;][vc_gmaps latlon=&#8221;40.790278, -73.959722&#8243; size=&#8221;300&#8243; map_color=&#8221;color-210407&#8243; ui_color=&#8221;color-210407&#8243; zoom=&#8221;13&#8243; map_saturation=&#8221;-26&#8243; map_brightness=&#8221;5&#8243; uncode_shortcode_id=&#8221;638998&#8243; map_color_type=&#8221;uncode-palette&#8221; ui_color_type=&#8221;uncode-palette&#8221;][\/vc_column][\/vc_row][vc_row row_height_percent=&#8221;100&#8243; override_padding=&#8221;yes&#8221; h_padding=&#8221;4&#8243; top_padding=&#8221;4&#8243; bottom_padding=&#8221;4&#8243; back_image=&#8221;142064&#8243; back_position=&#8221;center top&#8221; overlay_color=&#8221;color-rgdb&#8221; overlay_alpha=&#8221;80&#8243; gutter_size=&#8221;3&#8243; column_width_percent=&#8221;100&#8243; shift_y=&#8221;0&#8243; z_index=&#8221;0&#8243; uncode_shortcode_id=&#8221;153826&#8243; overlay_color_type=&#8221;uncode-palette&#8221; back_size=&#8221;contain&#8221;][vc_column column_width_percent=&#8221;90&#8243; position_horizontal=&#8221;left&#8221; gutter_size=&#8221;3&#8243; font_family=&#8221;font-846016&#8243; overlay_alpha=&#8221;100&#8243; shift_x=&#8221;0&#8243; shift_y=&#8221;0&#8243; shift_y_down=&#8221;0&#8243; z_index=&#8221;0&#8243; medium_width=&#8221;5&#8243; mobile_width=&#8221;0&#8243; zoom_width=&#8221;0&#8243; zoom_height=&#8221;0&#8243; width=&#8221;7\/12&#8243; uncode_shortcode_id=&#8221;107675&#8243;][vc_custom_heading 1=&#8221;&#8221; 2=&#8221;style=&#8220;&#8220;color:&#8221; 3=&#8221;white&#8220;;&#8220;&gt;Denver,&#8221; 4=&#8221;Colorado,&#8221; 5=&#8221;USA&#8221; 6=&#8221;&#8221; 7=&#8221;style=&#8220;&#8220;color:&#8221; 8=&#8221;white&#8220;;&#8220;&gt;tel:&#8221; 9=&#8221;+90&#8243; 10=&#8221;0537&#8243; 11=&#8221;0116834&#8220;&#8221; 12=&#8221;subheading=&#8220;&#8221; 13=&#8221;&#8221; 14=&#8221;style=&#8220;&#8220;color:&#8221; 15=&#8221;white&#8220;;&#8220;&gt;Denver,&#8221; 16=&#8221;Colorado,&#8221; 17=&#8221;USA&#8221; 18=&#8221;&#8221; 19=&#8221;style=&#8220;&#8220;color:&#8221; 20=&#8221;white&#8220;;&#8220;&gt;tel:&#8221; 21=&#8221;+90&#8243; 22=&#8221;0537&#8243; 23=&#8221;0116834&#8220;&#8221; text_color=&#8221;color-xsdn&#8221; text_size=&#8221;h3&#8243; sub_lead=&#8221;yes&#8221; text_align=&#8221;text-left&#8221; text_uppercase=&#8221;&#8221; uncode_shortcode_id=&#8221;185204&#8243; text_color_type=&#8221;uncode-palette&#8221; text_color_solid=&#8221;#ff0000&#8243; subheading=&#8221;Denver, Colorado, USA<br \/>\ntel: +90 0537 0116834&#8243;]USA[\/vc_custom_heading]<p class=\"wpcf7-contact-form-not-found\"><strong>Hata:<\/strong> \u0130leti\u015fim formu bulunamad\u0131.<\/p>[\/vc_column][vc_column column_width_percent=&#8221;100&#8243; position_horizontal=&#8221;left&#8221; gutter_size=&#8221;3&#8243; font_family=&#8221;font-846016&#8243; overlay_alpha=&#8221;100&#8243; shift_x=&#8221;0&#8243; shift_y=&#8221;0&#8243; shift_y_down=&#8221;0&#8243; z_index=&#8221;0&#8243; medium_width=&#8221;3&#8243; mobile_width=&#8221;0&#8243; zoom_width=&#8221;0&#8243; zoom_height=&#8221;0&#8243; width=&#8221;5\/12&#8243; uncode_shortcode_id=&#8221;184029&#8243;][vc_gmaps latlon=&#8221;40.790278, -73.959722&#8243; size=&#8221;300&#8243; map_color=&#8221;color-210407&#8243; ui_color=&#8221;color-210407&#8243; zoom=&#8221;13&#8243; map_saturation=&#8221;-26&#8243; map_brightness=&#8221;5&#8243; uncode_shortcode_id=&#8221;638998&#8243; map_color_type=&#8221;uncode-palette&#8221; ui_color_type=&#8221;uncode-palette&#8221;][\/vc_column][\/vc_row][vc_row row_height_percent=&#8221;100&#8243; override_padding=&#8221;yes&#8221; h_padding=&#8221;4&#8243; top_padding=&#8221;4&#8243; bottom_padding=&#8221;4&#8243; back_image=&#8221;142066&#8243; back_position=&#8221;center top&#8221; overlay_color=&#8221;color-rgdb&#8221; overlay_alpha=&#8221;80&#8243; gutter_size=&#8221;3&#8243; column_width_percent=&#8221;100&#8243; shift_y=&#8221;0&#8243; z_index=&#8221;0&#8243; uncode_shortcode_id=&#8221;291887&#8243; overlay_color_type=&#8221;uncode-palette&#8221; back_size=&#8221;contain&#8221;][vc_column column_width_percent=&#8221;90&#8243; position_horizontal=&#8221;left&#8221; gutter_size=&#8221;3&#8243; font_family=&#8221;font-846016&#8243; overlay_alpha=&#8221;100&#8243; shift_x=&#8221;0&#8243; shift_y=&#8221;0&#8243; shift_y_down=&#8221;0&#8243; z_index=&#8221;0&#8243; medium_width=&#8221;5&#8243; mobile_width=&#8221;0&#8243; zoom_width=&#8221;0&#8243; zoom_height=&#8221;0&#8243; width=&#8221;7\/12&#8243; uncode_shortcode_id=&#8221;107675&#8243;][vc_custom_heading 1=&#8221;&#8221; 2=&#8221;style=&#8220;&#8220;color:&#8221; 3=&#8221;white&#8220;;&#8220;&gt;Shiraz,&#8221; 4=&#8221;Fars&#8221; 5=&#8221;Province,&#8221; 6=&#8221;Iran&#8221; 7=&#8221;&#8221; 8=&#8221;style=&#8220;&#8220;color:&#8221; 9=&#8221;white&#8220;;&#8220;&gt;tel:&#8221; 10=&#8221;+90&#8243; 11=&#8221;0537&#8243; 12=&#8221;0116834&#8220;&#8221; text_color=&#8221;color-xsdn&#8221; text_size=&#8221;h3&#8243; sub_lead=&#8221;yes&#8221; text_align=&#8221;text-left&#8221; text_uppercase=&#8221;&#8221; uncode_shortcode_id=&#8221;958687&#8243; text_color_type=&#8221;uncode-palette&#8221; text_color_solid=&#8221;#ff0000&#8243; subheading=&#8221;Shiraz, Fars Province, Iran<br \/>\ntel: +90 0537 0116834&#8243;]Iran[\/vc_custom_heading]<p class=\"wpcf7-contact-form-not-found\"><strong>Hata:<\/strong> \u0130leti\u015fim formu bulunamad\u0131.<\/p>[\/vc_column][vc_column column_width_percent=&#8221;100&#8243; position_horizontal=&#8221;left&#8221; gutter_size=&#8221;3&#8243; font_family=&#8221;font-846016&#8243; overlay_alpha=&#8221;100&#8243; shift_x=&#8221;0&#8243; shift_y=&#8221;0&#8243; shift_y_down=&#8221;0&#8243; z_index=&#8221;0&#8243; medium_width=&#8221;3&#8243; mobile_width=&#8221;0&#8243; zoom_width=&#8221;0&#8243; zoom_height=&#8221;0&#8243; width=&#8221;5\/12&#8243; uncode_shortcode_id=&#8221;184029&#8243;][vc_gmaps latlon=&#8221;40.790278, -73.959722&#8243; size=&#8221;300&#8243; map_color=&#8221;color-210407&#8243; ui_color=&#8221;color-210407&#8243; zoom=&#8221;13&#8243; map_saturation=&#8221;-26&#8243; map_brightness=&#8221;5&#8243; uncode_shortcode_id=&#8221;638998&#8243; map_color_type=&#8221;uncode-palette&#8221; ui_color_type=&#8221;uncode-palette&#8221;][\/vc_column][\/vc_row][vc_row row_height_percent=&#8221;100&#8243; override_padding=&#8221;yes&#8221; h_padding=&#8221;4&#8243; top_padding=&#8221;4&#8243; bottom_padding=&#8221;4&#8243; back_image=&#8221;142065&#8243; back_position=&#8221;center top&#8221; overlay_color=&#8221;color-rgdb&#8221; overlay_alpha=&#8221;80&#8243; gutter_size=&#8221;3&#8243; column_width_percent=&#8221;100&#8243; shift_y=&#8221;0&#8243; z_index=&#8221;0&#8243; uncode_shortcode_id=&#8221;132726&#8243; overlay_color_type=&#8221;uncode-palette&#8221; back_size=&#8221;contain&#8221;][vc_column column_width_percent=&#8221;90&#8243; position_horizontal=&#8221;left&#8221; gutter_size=&#8221;3&#8243; font_family=&#8221;font-846016&#8243; overlay_alpha=&#8221;100&#8243; shift_x=&#8221;0&#8243; shift_y=&#8221;0&#8243; shift_y_down=&#8221;0&#8243; z_index=&#8221;0&#8243; medium_width=&#8221;5&#8243; mobile_width=&#8221;0&#8243; zoom_width=&#8221;0&#8243; zoom_height=&#8221;0&#8243; width=&#8221;7\/12&#8243; uncode_shortcode_id=&#8221;107675&#8243;][vc_custom_heading 1=&#8221;&#8221; 2=&#8221;style=&#8220;&#8220;color:&#8221; 3=&#8221;white&#8220;;&#8220;&gt;Dubai,&#8221; 4=&#8221;United&#8221; 5=&#8221;Arab&#8221; 6=&#8221;Emirates&#8221; 7=&#8221;&#8221; 8=&#8221;style=&#8220;&#8220;color:&#8221; 9=&#8221;white&#8220;;&#8220;&gt;tel:&#8221; 10=&#8221;+90&#8243; 11=&#8221;0537&#8243; 12=&#8221;0116834&#8220;&#8221; text_color=&#8221;color-xsdn&#8221; text_size=&#8221;h3&#8243; sub_lead=&#8221;yes&#8221; text_align=&#8221;text-left&#8221; text_uppercase=&#8221;&#8221; uncode_shortcode_id=&#8221;325516&#8243; text_color_type=&#8221;uncode-palette&#8221; text_color_solid=&#8221;#ff0000&#8243; subheading=&#8221;The Dubai branch does not have a physical location, but online delivery is possible.<br \/>\ntel: +90 0537 0116834&#8243;]Dubai, United Arab Emirates (Online sales only)[\/vc_custom_heading]<p class=\"wpcf7-contact-form-not-found\"><strong>Hata:<\/strong> \u0130leti\u015fim formu bulunamad\u0131.<\/p>[\/vc_column][vc_column column_width_percent=&#8221;100&#8243; position_horizontal=&#8221;left&#8221; gutter_size=&#8221;3&#8243; font_family=&#8221;font-846016&#8243; overlay_alpha=&#8221;100&#8243; shift_x=&#8221;0&#8243; shift_y=&#8221;0&#8243; shift_y_down=&#8221;0&#8243; z_index=&#8221;0&#8243; medium_width=&#8221;3&#8243; mobile_width=&#8221;0&#8243; zoom_width=&#8221;0&#8243; zoom_height=&#8221;0&#8243; width=&#8221;5\/12&#8243; uncode_shortcode_id=&#8221;184029&#8243;][\/vc_column][\/vc_row][vc_row row_height_percent=&#8221;100&#8243; override_padding=&#8221;yes&#8221; h_padding=&#8221;4&#8243; top_padding=&#8221;4&#8243; bottom_padding=&#8221;4&#8243; back_image=&#8221;142068&#8243; back_position=&#8221;center top&#8221; overlay_color=&#8221;color-rgdb&#8221; overlay_alpha=&#8221;80&#8243; gutter_size=&#8221;3&#8243; column_width_percent=&#8221;100&#8243; shift_y=&#8221;0&#8243; z_index=&#8221;0&#8243; uncode_shortcode_id=&#8221;141253&#8243; overlay_color_type=&#8221;uncode-palette&#8221; back_size=&#8221;contain&#8221;][vc_column column_width_percent=&#8221;90&#8243; position_horizontal=&#8221;left&#8221; gutter_size=&#8221;3&#8243; font_family=&#8221;font-846016&#8243; overlay_alpha=&#8221;100&#8243; shift_x=&#8221;0&#8243; shift_y=&#8221;0&#8243; shift_y_down=&#8221;0&#8243; z_index=&#8221;0&#8243; medium_width=&#8221;5&#8243; mobile_width=&#8221;0&#8243; zoom_width=&#8221;0&#8243; zoom_height=&#8221;0&#8243; width=&#8221;7\/12&#8243; uncode_shortcode_id=&#8221;107675&#8243;][vc_custom_heading 1=&#8221;&#8221; 2=&#8221;style=&#8220;&#8220;color:&#8221; 3=&#8221;white&#8220;;&#8220;&gt;Denver,&#8221; 4=&#8221;Colorado,&#8221; 5=&#8221;USA&#8221; 6=&#8221;&#8221; 7=&#8221;style=&#8220;&#8220;color:&#8221; 8=&#8221;white&#8220;;&#8220;&gt;tel:&#8221; 9=&#8221;+90&#8243; 10=&#8221;0537&#8243; 11=&#8221;0116834&#8220;&#8221; 12=&#8221;subheading=&#8220;&#8221; 13=&#8221;&#8221; 14=&#8221;style=&#8220;&#8220;color:&#8221; 15=&#8221;white&#8220;;&#8220;&gt;Denver,&#8221; 16=&#8221;Colorado,&#8221; 17=&#8221;USA&#8221; 18=&#8221;&#8221; 19=&#8221;style=&#8220;&#8220;color:&#8221; 20=&#8221;white&#8220;;&#8220;&gt;tel:&#8221; 21=&#8221;+90&#8243; 22=&#8221;0537&#8243; 23=&#8221;0116834&#8220;&#8221; text_color=&#8221;color-xsdn&#8221; text_size=&#8221;h3&#8243; sub_lead=&#8221;yes&#8221; text_align=&#8221;text-left&#8221; text_uppercase=&#8221;&#8221; uncode_shortcode_id=&#8221;123905&#8243; text_color_type=&#8221;uncode-palette&#8221; text_color_solid=&#8221;#ff0000&#8243; subheading=&#8221;The England branch does not have a physical location, but online delivery is possible.<br \/>\ntel: +90 0537 0116834&#8243;]England (Online sales only)[\/vc_custom_heading]<p class=\"wpcf7-contact-form-not-found\"><strong>Hata:<\/strong> \u0130leti\u015fim formu bulunamad\u0131.<\/p>[\/vc_column][vc_column column_width_percent=&#8221;100&#8243; position_horizontal=&#8221;left&#8221; gutter_size=&#8221;3&#8243; font_family=&#8221;font-846016&#8243; overlay_alpha=&#8221;100&#8243; shift_x=&#8221;0&#8243; shift_y=&#8221;0&#8243; shift_y_down=&#8221;0&#8243; z_index=&#8221;0&#8243; medium_width=&#8221;3&#8243; mobile_width=&#8221;0&#8243; zoom_width=&#8221;0&#8243; zoom_height=&#8221;0&#8243; width=&#8221;5\/12&#8243; uncode_shortcode_id=&#8221;184029&#8243;][\/vc_column][\/vc_row]<\/p>\n<\/div>","protected":false},"excerpt":{"rendered":"<p>[vc_row unlock_row_content=&#8221;yes&#8221; row_height_percent=&#8221;100&#8243; override_padding=&#8221;yes&#8221; h_padding=&#8221;2&#8243; top_padding=&#8221;4&#8243; bottom_padding=&#8221;4&#8243; back_color=&#8221;color-prif&#8221; back_image=&#8221;142060&#8243; kburns=&#8221;yes&#8221; overlay_color=&#8221;color-nhtu&#8221; overlay_alpha=&#8221;60&#8243; gutter_size=&#8221;3&#8243; column_width_percent=&#8221;100&#8243; shift_y=&#8221;0&#8243; z_index=&#8221;0&#8243; enable_bottom_divider=&#8221;default&#8221; bottom_divider=&#8221;gradient&#8221; shape_bottom_h_use_pixel=&#8221;true&#8221; shape_bottom_height_percent=&#8221;100&#8243; [&hellip;]<\/p>\n","protected":false},"author":1,"featured_media":0,"parent":36601,"menu_order":0,"comment_status":"closed","ping_status":"closed","template":"","meta":{"footnotes":""},"class_list":["post-88825","page","type-page","status-publish","hentry"],"_links":{"self":[{"href":"https:\/\/shahnazparsa.com\/tr\/wp-json\/wp\/v2\/pages\/88825","targetHints":{"allow":["GET"]}}],"collection":[{"href":"https:\/\/shahnazparsa.com\/tr\/wp-json\/wp\/v2\/pages"}],"about":[{"href":"https:\/\/shahnazparsa.com\/tr\/wp-json\/wp\/v2\/types\/page"}],"author":[{"embeddable":true,"href":"https:\/\/shahnazparsa.com\/tr\/wp-json\/wp\/v2\/users\/1"}],"replies":[{"embeddable":true,"href":"https:\/\/shahnazparsa.com\/tr\/wp-json\/wp\/v2\/comments?post=88825"}],"version-history":[{"count":3,"href":"https:\/\/shahnazparsa.com\/tr\/wp-json\/wp\/v2\/pages\/88825\/revisions"}],"predecessor-version":[{"id":142069,"href":"https:\/\/shahnazparsa.com\/tr\/wp-json\/wp\/v2\/pages\/88825\/revisions\/142069"}],"up":[{"embeddable":true,"href":"https:\/\/shahnazparsa.com\/tr\/wp-json\/wp\/v2\/pages\/36601"}],"wp:attachment":[{"href":"https:\/\/shahnazparsa.com\/tr\/wp-json\/wp\/v2\/media?parent=88825"}],"curies":[{"name":"wp","href":"https:\/\/api.w.org\/{rel}","templated":true}]}}