{"id":65805,"date":"2017-09-04T14:54:31","date_gmt":"2017-09-04T12:54:31","guid":{"rendered":"https:\/\/undsgn.com\/uncode\/?page_id=65805"},"modified":"2024-11-07T20:11:26","modified_gmt":"2024-11-07T16:41:26","slug":"about-us","status":"publish","type":"page","link":"https:\/\/shahnazparsa.com\/tr\/about-us\/","title":{"rendered":"About us"},"content":{"rendered":"<div class=\"wpb-content-wrapper\"><p>[vc_row row_height_percent=&#8221;100&#8243; back_color=&#8221;color-xsdn&#8221; back_image=&#8221;142204&#8243; multiple_media=&#8221;yes&#8221; back_repeat=&#8221;no-repeat&#8221; back_position=&#8221;center center&#8221; overlay_color=&#8221;color-nhtu&#8221; overlay_alpha=&#8221;71&#8243; gutter_size=&#8221;3&#8243; column_width_percent=&#8221;100&#8243; shift_y=&#8221;0&#8243; z_index=&#8221;0&#8243; uncode_shortcode_id=&#8221;120865&#8243; back_color_type=&#8221;uncode-palette&#8221; overlay_color_type=&#8221;uncode-palette&#8221;][vc_column column_width_percent=&#8221;90&#8243; gutter_size=&#8221;3&#8243; overlay_alpha=&#8221;50&#8243; shift_x=&#8221;0&#8243; shift_y=&#8221;0&#8243; shift_y_down=&#8221;0&#8243; z_index=&#8221;0&#8243; medium_width=&#8221;4&#8243; mobile_width=&#8221;0&#8243; css_animation=&#8221;bottom-t-top&#8221; animation_delay=&#8221;200&#8243; width=&#8221;1\/1&#8243; uncode_shortcode_id=&#8221;184228&#8243; css=&#8221;.vc_custom_1730997078004{padding-top: 250px !important;}&#8221;][vc_custom_heading text_color=&#8221;color-uydo&#8221; text_weight=&#8221;600&#8243; uncode_shortcode_id=&#8221;106771&#8243; text_color_type=&#8221;uncode-palette&#8221;]Her elbisenin bir hikayesi vard\u0131r, gelin hikayenizi \u00f6zel bir tasar\u0131mla anlatal\u0131m![\/vc_custom_heading][vc_row_inner row_inner_height_percent=&#8221;0&#8243; overlay_alpha=&#8221;50&#8243; gutter_size=&#8221;4&#8243; shift_y=&#8221;0&#8243; z_index=&#8221;0&#8243; limit_content=&#8221;&#8221; uncode_shortcode_id=&#8221;517594&#8243;][vc_column_inner column_width_percent=&#8221;100&#8243; position_horizontal=&#8221;left&#8221; position_vertical=&#8221;bottom&#8221; gutter_size=&#8221;3&#8243; style=&#8221;dark&#8221; overlay_alpha=&#8221;50&#8243; shift_x=&#8221;0&#8243; shift_y=&#8221;0&#8243; shift_y_down=&#8221;0&#8243; z_index=&#8221;0&#8243; medium_width=&#8221;0&#8243; mobile_width=&#8221;0&#8243; width=&#8221;1\/2&#8243; uncode_shortcode_id=&#8221;214111&#8243;][vc_icon icon=&#8221;fa fa-arrow-down2&#8243; background_style=&#8221;fa-rounded&#8221; link=&#8221;url:%23about-me|||&#8221; uncode_shortcode_id=&#8221;697528&#8243; icon_color_type=&#8221;uncode-solid&#8221; icon_color_solid=&#8221;#49014d&#8221;][\/vc_icon][\/vc_column_inner][\/vc_row_inner][\/vc_column][\/vc_row][vc_row row_height_percent=&#8221;87&#8243; back_color=&#8221;color-nhtu&#8221; back_image=&#8221;141786&#8243; kburns=&#8221;yes&#8221; overlay_color=&#8221;color-rgdb&#8221; overlay_alpha=&#8221;62&#8243; gutter_size=&#8221;3&#8243; column_width_percent=&#8221;100&#8243; shift_y=&#8221;0&#8243; z_index=&#8221;0&#8243; uncode_shortcode_id=&#8221;984209&#8243; back_color_type=&#8221;uncode-palette&#8221; overlay_color_type=&#8221;uncode-palette&#8221;][vc_column column_width_percent=&#8221;100&#8243; position_horizontal=&#8221;left&#8221; position_vertical=&#8221;middle&#8221; gutter_size=&#8221;4&#8243; style=&#8221;dark&#8221; overlay_alpha=&#8221;50&#8243; shift_x=&#8221;0&#8243; shift_y=&#8221;0&#8243; shift_y_down=&#8221;0&#8243; z_index=&#8221;0&#8243; medium_width=&#8221;0&#8243; mobile_width=&#8221;0&#8243; css_animation=&#8221;bottom-t-top&#8221; animation_delay=&#8221;200&#8243; width=&#8221;1\/1&#8243; uncode_shortcode_id=&#8221;193018&#8243;][vc_row_inner row_inner_height_percent=&#8221;0&#8243; overlay_alpha=&#8221;50&#8243; gutter_size=&#8221;4&#8243; shift_y=&#8221;0&#8243; z_index=&#8221;0&#8243; limit_content=&#8221;&#8221;][vc_column_inner column_width_percent=&#8221;100&#8243; position_horizontal=&#8221;left&#8221; position_vertical=&#8221;bottom&#8221; gutter_size=&#8221;3&#8243; style=&#8221;dark&#8221; overlay_alpha=&#8221;50&#8243; shift_x=&#8221;0&#8243; shift_y=&#8221;0&#8243; shift_y_down=&#8221;0&#8243; z_index=&#8221;0&#8243; medium_width=&#8221;0&#8243; mobile_width=&#8221;0&#8243; width=&#8221;1\/2&#8243; uncode_shortcode_id=&#8221;214111&#8243;][vc_custom_heading heading_semantic=&#8221;h6&#8243; text_font=&#8221;font-136269&#8243; text_size=&#8221;fontsize-160000&#8243; text_weight=&#8221;600&#8243; text_transform=&#8221;uppercase&#8221; text_height=&#8221;fontheight-179065&#8243; text_space=&#8221;fontspace-781688&#8243; uncode_shortcode_id=&#8221;133017&#8243;]<\/p>\n<h2>Bayan Shahnaz Parsa hakk\u0131nda daha fazla bilgi edelim<\/h2>\n<p>[\/vc_custom_heading][vc_custom_heading heading_semantic=&#8221;h4&#8243; text_font=&#8221;font-136269&#8243; text_size=&#8221;h3&#8243; uncode_shortcode_id=&#8221;525767&#8243;]<\/p>\n<h5 style=\"line-height: 33px; text-align: justify;\">\u015eehnaz Parsa, moda ve tasar\u0131m alan\u0131nda tan\u0131nm\u0131\u015f bir isim olarak, on y\u0131l\u0131 a\u015fk\u0131n bir deneyime sahip bir haute couture tasar\u0131mc\u0131s\u0131d\u0131r. \u0130ran k\u00fclt\u00fcr\u00fc ve sanat\u0131ndan ilham alarak, benzersiz ve yarat\u0131c\u0131 tasar\u0131mlar sunmaktad\u0131r. \u015eehnaz, detaylara odaklanarak ve kaliteli malzemeler kullanarak, hem g\u00fczel hem de pratik giysiler yaratmaktad\u0131r. M\u00fc\u015fterilerine \u00f6zel bir deneyim sunmay\u0131 hedefleyen \u015eehnaz, her zaman yeni trendleri tasar\u0131mlar\u0131nda uygulamaya \u00e7al\u0131\u015fmaktad\u0131r. \u015eehnaz Parsa, sergiler d\u00fczenleyerek ve tan\u0131nm\u0131\u015f markalarla i\u015fbirli\u011fi yaparak moda d\u00fcnyas\u0131ndaki yerini sa\u011flamla\u015ft\u0131rm\u0131\u015ft\u0131r.<\/h5>\n<p>[\/vc_custom_heading][\/vc_column_inner][\/vc_row_inner][vc_row_inner row_inner_height_percent=&#8221;0&#8243; overlay_alpha=&#8221;50&#8243; equal_height=&#8221;yes&#8221; gutter_size=&#8221;4&#8243; shift_y=&#8221;0&#8243; z_index=&#8221;0&#8243; limit_content=&#8221;&#8221; uncode_shortcode_id=&#8221;513284&#8243;][vc_column_inner column_width_percent=&#8221;100&#8243; align_horizontal=&#8221;align_center&#8221; gutter_size=&#8221;2&#8243; style=&#8221;dark&#8221; overlay_alpha=&#8221;50&#8243; shift_x=&#8221;0&#8243; shift_y=&#8221;0&#8243; shift_y_down=&#8221;0&#8243; z_index=&#8221;0&#8243; medium_width=&#8221;2&#8243; mobile_width=&#8221;4&#8243; width=&#8221;1\/4&#8243; uncode_shortcode_id=&#8221;212870&#8243;][uncode_counter value=&#8221;10&#8243; counter_color=&#8221;&#8221; font=&#8221;font-136269&#8243; size=&#8221;fontsize-155944&#8243; weight=&#8221;700&#8243; height=&#8221;fontheight-161249&#8243; css_animation=&#8221;alpha-anim&#8221; animation_delay=&#8221;200&#8243; uncode_shortcode_id=&#8221;635058&#8243;][vc_custom_heading heading_semantic=&#8221;h4&#8243; text_font=&#8221;font-136269&#8243; text_size=&#8221;h6&#8243; css_animation=&#8221;alpha-anim&#8221; animation_delay=&#8221;300&#8243; uncode_shortcode_id=&#8221;131317&#8243;]Y\u0131llar\u0131n deneyimi[\/vc_custom_heading][\/vc_column_inner][vc_column_inner column_width_percent=&#8221;100&#8243; align_horizontal=&#8221;align_center&#8221; gutter_size=&#8221;2&#8243; style=&#8221;dark&#8221; overlay_alpha=&#8221;50&#8243; shift_x=&#8221;0&#8243; shift_y=&#8221;0&#8243; shift_y_down=&#8221;0&#8243; z_index=&#8221;0&#8243; medium_width=&#8221;2&#8243; mobile_width=&#8221;4&#8243; width=&#8221;1\/4&#8243; uncode_shortcode_id=&#8221;188493&#8243;][uncode_counter value=&#8221;5679&#8243; counter_color=&#8221;&#8221; font=&#8221;font-136269&#8243; size=&#8221;fontsize-155944&#8243; weight=&#8221;700&#8243; height=&#8221;fontheight-161249&#8243; css_animation=&#8221;alpha-anim&#8221; animation_delay=&#8221;300&#8243; uncode_shortcode_id=&#8221;120744&#8243;][vc_custom_heading heading_semantic=&#8221;h4&#8243; text_font=&#8221;font-136269&#8243; text_size=&#8221;h6&#8243; css_animation=&#8221;alpha-anim&#8221; animation_delay=&#8221;300&#8243; uncode_shortcode_id=&#8221;180293&#8243;]Memnun m\u00fc\u015fteriler[\/vc_custom_heading][\/vc_column_inner][vc_column_inner column_width_percent=&#8221;100&#8243; align_horizontal=&#8221;align_center&#8221; gutter_size=&#8221;2&#8243; style=&#8221;dark&#8221; overlay_alpha=&#8221;50&#8243; shift_x=&#8221;0&#8243; shift_y=&#8221;0&#8243; shift_y_down=&#8221;0&#8243; z_index=&#8221;0&#8243; medium_width=&#8221;2&#8243; mobile_width=&#8221;4&#8243; width=&#8221;1\/4&#8243; uncode_shortcode_id=&#8221;205695&#8243;][uncode_counter value=&#8221;4&#8243; counter_color=&#8221;&#8221; font=&#8221;font-136269&#8243; size=&#8221;fontsize-155944&#8243; weight=&#8221;700&#8243; height=&#8221;fontheight-161249&#8243; css_animation=&#8221;alpha-anim&#8221; animation_delay=&#8221;300&#8243; uncode_shortcode_id=&#8221;101081&#8243;][vc_custom_heading heading_semantic=&#8221;h4&#8243; text_font=&#8221;font-136269&#8243; text_size=&#8221;h6&#8243; css_animation=&#8221;alpha-anim&#8221; animation_delay=&#8221;300&#8243; uncode_shortcode_id=&#8221;190017&#8243;]\u015eubeler[\/vc_custom_heading][\/vc_column_inner][\/vc_row_inner][vc_separator sep_color=&#8221;,Default&#8221;][\/vc_column][\/vc_row][vc_row row_height_percent=&#8221;0&#8243; override_padding=&#8221;yes&#8221; h_padding=&#8221;2&#8243; top_padding=&#8221;3&#8243; bottom_padding=&#8221;3&#8243; back_image=&#8221;142037&#8243; kburns=&#8221;yes&#8221; overlay_color=&#8221;color-nhtu&#8221; overlay_alpha=&#8221;88&#8243; gutter_size=&#8221;4&#8243; column_width_percent=&#8221;100&#8243; shift_y=&#8221;0&#8243; z_index=&#8221;0&#8243; uncode_shortcode_id=&#8221;460442&#8243; overlay_color_type=&#8221;uncode-palette&#8221;][vc_column column_width_percent=&#8221;100&#8243; position_vertical=&#8221;middle&#8221; gutter_size=&#8221;3&#8243; style=&#8221;dark&#8221; overlay_alpha=&#8221;50&#8243; shift_x=&#8221;0&#8243; shift_y=&#8221;0&#8243; shift_y_down=&#8221;0&#8243; z_index=&#8221;0&#8243; medium_width=&#8221;4&#8243; mobile_width=&#8221;0&#8243; css_animation=&#8221;alpha-anim&#8221; animation_speed=&#8221;1000&#8243; animation_delay=&#8221;200&#8243; width=&#8221;1\/2&#8243; uncode_shortcode_id=&#8221;104606&#8243;][vc_custom_heading heading_semantic=&#8221;h3&#8243; text_size=&#8221;h1&#8243; uncode_shortcode_id=&#8221;451424&#8243;]FAQs[\/vc_custom_heading][vc_accordion typography=&#8221;advanced&#8221; sign=&#8221;plus&#8221; sign_size=&#8221;md&#8221; content_border=&#8221;yes&#8221; gutter_simple=&#8221;1&#8243; active_bg_color=&#8221;color-xsdn&#8221; active_txt_color=&#8221;color-jevc&#8221; radius=&#8221;lg&#8221; shadow=&#8221;lg&#8221; titles_size=&#8221;h6&#8243; titles_weight=&#8221;600&#8243; uncode_shortcode_id=&#8221;134550&#8243; active_bg_color_type=&#8221;uncode-palette&#8221; active_txt_color_type=&#8221;uncode-palette&#8221;][vc_accordion_tab gutter_size=&#8221;2&#8243; column_padding=&#8221;0&#8243; title=&#8221;Do\u011fru bedenimi nas\u0131l bulabilirim?&#8221; tab_id=&#8221;1666002628-1-62166843904663917156080436061725875127418&#8243;][vc_column_text text_lead=&#8221;yes&#8221; uncode_shortcode_id=&#8221;119538&#8243;]Do\u011fru bedeninizi bulmak i\u00e7in her \u00fcr\u00fcn sayfas\u0131nda bulunan beden tablomuza ba\u015fvurabilirsiniz. Ayr\u0131ca size yard\u0131mc\u0131 olacak ayr\u0131nt\u0131l\u0131 bir \u00f6l\u00e7\u00fcm k\u0131lavuzu da mevcuttur.[\/vc_column_text][\/vc_accordion_tab][vc_accordion_tab gutter_size=&#8221;2&#8243; column_padding=&#8221;0&#8243; title=&#8221;\u00d6zel tasar\u0131m sipari\u015fi verebilir miyim?&#8221; tab_id=&#8221;1666002628-2-57166843904663917156080436061725875127418&#8243;][vc_column_text text_lead=&#8221;yes&#8221; uncode_shortcode_id=&#8221;131668&#8243;]Evet, \u00f6zel tasar\u0131m hizmetleri sunuyoruz. Daha fazla bilgi almak ve \u00f6zel sipari\u015f vermek i\u00e7in l\u00fctfen tasar\u0131m ekibimizle ileti\u015fime ge\u00e7in.[\/vc_column_text][\/vc_accordion_tab][vc_accordion_tab gutter_size=&#8221;2&#8243; column_padding=&#8221;0&#8243; title=&#8221;Sipari\u015fimi nas\u0131l takip edebilirim?&#8221; tab_id=&#8221;c35acc00-dc00-1166843904663917156080436061725875127418&#8243;][vc_column_text text_lead=&#8221;yes&#8221; uncode_shortcode_id=&#8221;852337&#8243;]Sipari\u015f verdikten sonra taraf\u0131n\u0131za takip numaras\u0131n\u0131 i\u00e7eren bir onay e-postas\u0131 g\u00f6nderilecektir. Sipari\u015finizin durumunu kontrol etmek i\u00e7in sipari\u015f takip k\u0131sm\u0131na bu numaray\u0131 girebilirsiniz.[\/vc_column_text][\/vc_accordion_tab][\/vc_accordion][\/vc_column][\/vc_row][vc_row row_height_percent=&#8221;100&#8243; back_color=&#8221;color-xsdn&#8221; back_image=&#8221;142036&#8243; back_position=&#8221;center top&#8221; kburns=&#8221;magnetic&#8221; overlay_color=&#8221;color-nhtu&#8221; overlay_alpha=&#8221;71&#8243; gutter_size=&#8221;4&#8243; column_width_percent=&#8221;100&#8243; shift_y=&#8221;0&#8243; z_index=&#8221;0&#8243; uncode_shortcode_id=&#8221;114774&#8243; back_color_type=&#8221;uncode-palette&#8221; overlay_color_type=&#8221;uncode-palette&#8221;][vc_column column_width_percent=&#8221;100&#8243; position_vertical=&#8221;middle&#8221; gutter_size=&#8221;0&#8243; overlay_alpha=&#8221;50&#8243; shift_x=&#8221;0&#8243; shift_y=&#8221;0&#8243; shift_y_down=&#8221;0&#8243; z_index=&#8221;0&#8243; medium_width=&#8221;0&#8243; mobile_width=&#8221;0&#8243; css_animation=&#8221;bottom-t-top&#8221; animation_delay=&#8221;200&#8243; width=&#8221;1\/1&#8243;][vc_row_inner row_inner_height_percent=&#8221;0&#8243; overlay_alpha=&#8221;50&#8243; gutter_size=&#8221;4&#8243; shift_y=&#8221;0&#8243; z_index=&#8221;0&#8243; limit_content=&#8221;&#8221;][vc_column_inner column_width_percent=&#8221;100&#8243; gutter_size=&#8221;2&#8243; overlay_alpha=&#8221;50&#8243; shift_x=&#8221;0&#8243; shift_y=&#8221;0&#8243; shift_y_down=&#8221;0&#8243; z_index=&#8221;0&#8243; medium_width=&#8221;0&#8243; mobile_width=&#8221;0&#8243; width=&#8221;1\/2&#8243;][vc_custom_heading text_color=&#8221;color-xsdn&#8221; heading_semantic=&#8221;h1&#8243; text_font=&#8221;font-136269&#8243; text_weight=&#8221;600&#8243; text_transform=&#8221;uppercase&#8221; text_space=&#8221;fontspace-781688&#8243; uncode_shortcode_id=&#8221;502883&#8243; text_color_type=&#8221;uncode-palette&#8221;]Hadi yaratal\u0131m![\/vc_custom_heading][vc_custom_heading text_color=&#8221;color-xsdn&#8221; text_font=&#8221;font-136269&#8243; text_size=&#8221;fontsize-210105&#8243; text_height=&#8221;fontheight-179065&#8243; uncode_shortcode_id=&#8221;199455&#8243; text_color_type=&#8221;uncode-palette&#8221;]Herhangi bir i\u015f teklifi i\u00e7in bir e-posta g\u00f6nderin:[\/vc_custom_heading][\/vc_column_inner][\/vc_row_inner][vc_row_inner row_inner_height_percent=&#8221;0&#8243; overlay_alpha=&#8221;50&#8243; gutter_size=&#8221;3&#8243; shift_y=&#8221;0&#8243; z_index=&#8221;0&#8243; limit_content=&#8221;&#8221; uncode_shortcode_id=&#8221;131161&#8243;][vc_column_inner column_width_percent=&#8221;100&#8243; gutter_size=&#8221;0&#8243; overlay_alpha=&#8221;50&#8243; shift_x=&#8221;0&#8243; shift_y=&#8221;0&#8243; shift_y_down=&#8221;0&#8243; z_index=&#8221;0&#8243; desktop_visibility=&#8221;yes&#8221; medium_visibility=&#8221;yes&#8221; medium_width=&#8221;0&#8243; mobile_width=&#8221;0&#8243; width=&#8221;1\/2&#8243; uncode_shortcode_id=&#8221;172286&#8243;][vc_empty_space empty_h=&#8221;2&#8243; medium_visibility=&#8221;yes&#8221; mobile_visibility=&#8221;yes&#8221;][vc_icon position=&#8221;bottom&#8221; display=&#8221;inline&#8221; icon=&#8221;fa fa-social-facebook&#8221; icon_color=&#8221;accent&#8221; background_style=&#8221;fa-rounded&#8221; css_animation=&#8221;zoom-in&#8221; animation_delay=&#8221;400&#8243; link=&#8221;url:https%3A%2F%2Fwww.facebook.com%2Fpeople%2FShahnaz-Parsa%2F100092720911509%2F%3Fref%3Dxav_ig_profile_web|target:_blank&#8221; uncode_shortcode_id=&#8221;166999&#8243; icon_color_type=&#8221;uncode-palette&#8221;][\/vc_icon][vc_icon position=&#8221;bottom&#8221; display=&#8221;inline&#8221; icon=&#8221;fa fa-youtube-play&#8221; icon_color=&#8221;accent&#8221; background_style=&#8221;fa-rounded&#8221; css_animation=&#8221;zoom-in&#8221; animation_delay=&#8221;400&#8243; link=&#8221;url:http%3A%2F%2Fwww.youtube.com%2F%40shahnazparsa|target:_blank&#8221; uncode_shortcode_id=&#8221;467351&#8243; icon_color_type=&#8221;uncode-palette&#8221;][\/vc_icon][vc_icon position=&#8221;bottom&#8221; display=&#8221;inline&#8221; icon=&#8221;fa fa-whatsapp&#8221; icon_color=&#8221;accent&#8221; background_style=&#8221;fa-rounded&#8221; css_animation=&#8221;zoom-in&#8221; animation_delay=&#8221;400&#8243; link=&#8221;url:https%3A%2F%2Fwa%2Fme%2F05370116834|target:_blank&#8221; uncode_shortcode_id=&#8221;166841&#8243; icon_color_type=&#8221;uncode-palette&#8221;][\/vc_icon][vc_icon position=&#8221;bottom&#8221; display=&#8221;inline&#8221; icon=&#8221;fa fa-instagram&#8221; icon_color=&#8221;accent&#8221; background_style=&#8221;fa-rounded&#8221; css_animation=&#8221;zoom-in&#8221; animation_delay=&#8221;400&#8243; link=&#8221;url:https%3A%2F%2Fwww.instagram.com%2Fglamour.vav%2F|target:_blank&#8221; uncode_shortcode_id=&#8221;727587&#8243; icon_color_type=&#8221;uncode-palette&#8221;][\/vc_icon][vc_custom_heading text_font=&#8221;font-175345&#8243; text_size=&#8221;h4&#8243; text_weight=&#8221;400&#8243; text_height=&#8221;fontheight-357766&#8243; text_space=&#8221;fontspace-781688&#8243; uncode_shortcode_id=&#8221;169332&#8243;][\/vc_custom_heading][\/vc_column_inner][vc_column_inner column_width_percent=&#8221;100&#8243; position_vertical=&#8221;bottom&#8221; align_horizontal=&#8221;align_right&#8221; gutter_size=&#8221;0&#8243; overlay_alpha=&#8221;50&#8243; shift_x=&#8221;0&#8243; shift_y=&#8221;0&#8243; shift_y_down=&#8221;0&#8243; z_index=&#8221;0&#8243; align_medium=&#8221;align_left_tablet&#8221; medium_width=&#8221;0&#8243; mobile_visibility=&#8221;yes&#8221; align_mobile=&#8221;align_left_mobile&#8221; mobile_width=&#8221;0&#8243; width=&#8221;1\/2&#8243; uncode_shortcode_id=&#8221;611164&#8243;][vc_empty_space empty_h=&#8221;2&#8243; medium_visibility=&#8221;yes&#8221; mobile_visibility=&#8221;yes&#8221;][vc_custom_heading text_font=&#8221;font-136269&#8243; text_size=&#8221;h3&#8243; text_height=&#8221;fontheight-179065&#8243; uncode_shortcode_id=&#8221;200534&#8243; text_color_type=&#8221;uncode-solid&#8221; text_color_solid=&#8221;#49014d&#8221;]<a href=\"mailto:info@shahnazparsa.com\">info@shahnazparsa.com<\/a>[\/vc_custom_heading][\/vc_column_inner][\/vc_row_inner][vc_row_inner row_inner_height_percent=&#8221;0&#8243; overlay_alpha=&#8221;50&#8243; gutter_size=&#8221;3&#8243; shift_y=&#8221;0&#8243; z_index=&#8221;0&#8243; limit_content=&#8221;&#8221; uncode_shortcode_id=&#8221;131161&#8243;][vc_column_inner column_width_percent=&#8221;100&#8243; gutter_size=&#8221;0&#8243; overlay_alpha=&#8221;50&#8243; shift_x=&#8221;0&#8243; shift_y=&#8221;0&#8243; shift_y_down=&#8221;0&#8243; z_index=&#8221;0&#8243; desktop_visibility=&#8221;yes&#8221; medium_visibility=&#8221;yes&#8221; medium_width=&#8221;0&#8243; mobile_width=&#8221;0&#8243; width=&#8221;1\/2&#8243; uncode_shortcode_id=&#8221;172286&#8243;][vc_empty_space empty_h=&#8221;2&#8243; medium_visibility=&#8221;yes&#8221; mobile_visibility=&#8221;yes&#8221;][vc_icon position=&#8221;bottom&#8221; display=&#8221;inline&#8221; icon=&#8221;fa fa-social-facebook&#8221; icon_color=&#8221;accent&#8221; background_style=&#8221;fa-rounded&#8221; css_animation=&#8221;zoom-in&#8221; animation_delay=&#8221;400&#8243; link=&#8221;url:https%3A%2F%2Fwww.facebook.com%2Fpeople%2FShahnaz-Parsa%2F100092720911509%2F%3Fref%3Dxav_ig_profile_web|target:_blank&#8221; uncode_shortcode_id=&#8221;166999&#8243; icon_color_type=&#8221;uncode-palette&#8221;][\/vc_icon][vc_icon position=&#8221;bottom&#8221; display=&#8221;inline&#8221; icon=&#8221;fa fa-youtube-play&#8221; icon_color=&#8221;accent&#8221; background_style=&#8221;fa-rounded&#8221; css_animation=&#8221;zoom-in&#8221; animation_delay=&#8221;400&#8243; link=&#8221;url:http%3A%2F%2Fwww.youtube.com%2F%40shahnazparsa|target:_blank&#8221; uncode_shortcode_id=&#8221;467351&#8243; icon_color_type=&#8221;uncode-palette&#8221;][\/vc_icon][vc_icon position=&#8221;bottom&#8221; display=&#8221;inline&#8221; icon=&#8221;fa fa-whatsapp&#8221; icon_color=&#8221;accent&#8221; background_style=&#8221;fa-rounded&#8221; css_animation=&#8221;zoom-in&#8221; animation_delay=&#8221;400&#8243; link=&#8221;url:https%3A%2F%2Fwa%2Fme%2F05370116834|target:_blank&#8221; uncode_shortcode_id=&#8221;166841&#8243; icon_color_type=&#8221;uncode-palette&#8221;][\/vc_icon][vc_icon position=&#8221;bottom&#8221; display=&#8221;inline&#8221; icon=&#8221;fa fa-instagram&#8221; icon_color=&#8221;accent&#8221; background_style=&#8221;fa-rounded&#8221; css_animation=&#8221;zoom-in&#8221; animation_delay=&#8221;400&#8243; link=&#8221;url:https%3A%2F%2Fwww.instagram.com%2Fglamour.vav%2F|target:_blank&#8221; uncode_shortcode_id=&#8221;727587&#8243; icon_color_type=&#8221;uncode-palette&#8221;][\/vc_icon][vc_custom_heading text_font=&#8221;font-175345&#8243; text_size=&#8221;h4&#8243; text_weight=&#8221;400&#8243; text_height=&#8221;fontheight-357766&#8243; text_space=&#8221;fontspace-781688&#8243; uncode_shortcode_id=&#8221;169332&#8243;][\/vc_custom_heading][\/vc_column_inner][vc_column_inner column_width_percent=&#8221;100&#8243; position_vertical=&#8221;bottom&#8221; align_horizontal=&#8221;align_right&#8221; gutter_size=&#8221;0&#8243; overlay_alpha=&#8221;50&#8243; shift_x=&#8221;0&#8243; shift_y=&#8221;0&#8243; shift_y_down=&#8221;0&#8243; z_index=&#8221;0&#8243; align_medium=&#8221;align_left_tablet&#8221; medium_width=&#8221;0&#8243; mobile_visibility=&#8221;yes&#8221; align_mobile=&#8221;align_left_mobile&#8221; mobile_width=&#8221;0&#8243; width=&#8221;1\/2&#8243; uncode_shortcode_id=&#8221;611164&#8243;][vc_empty_space empty_h=&#8221;2&#8243; medium_visibility=&#8221;yes&#8221; mobile_visibility=&#8221;yes&#8221;][vc_icon display=&#8221;inline&#8221; icon=&#8221;fa fa-social-facebook&#8221; background_style=&#8221;fa-rounded&#8221; css_animation=&#8221;zoom-in&#8221; animation_delay=&#8221;400&#8243; link=&#8221;url:https%3A%2F%2Fwww.facebook.com%2Fpeople%2FShahnaz-Parsa%2F100092720911509%2F%3Fref%3Dxav_ig_profile_web|target:_blank&#8221; uncode_shortcode_id=&#8221;212477&#8243; icon_color_type=&#8221;uncode-solid&#8221; icon_color_solid=&#8221;#49014d&#8221;][\/vc_icon][vc_icon display=&#8221;inline&#8221; icon=&#8221;fa fa-youtube-play&#8221; background_style=&#8221;fa-rounded&#8221; css_animation=&#8221;zoom-in&#8221; animation_delay=&#8221;800&#8243; link=&#8221;url:http%3A%2F%2Fwww.youtube.com%2F%40shahnazparsa|target:_blank&#8221; uncode_shortcode_id=&#8221;367947&#8243; icon_color_type=&#8221;uncode-solid&#8221; icon_color_solid=&#8221;#49014d&#8221;][\/vc_icon][vc_icon display=&#8221;inline&#8221; icon=&#8221;fa fa-whatsapp&#8221; background_style=&#8221;fa-rounded&#8221; css_animation=&#8221;zoom-in&#8221; animation_delay=&#8221;800&#8243; link=&#8221;url:https%3A%2F%2Fwa%2Fme%2F5370116834|target:_blank&#8221; uncode_shortcode_id=&#8221;742859&#8243; icon_color_type=&#8221;uncode-solid&#8221; icon_color_solid=&#8221;#49014d&#8221;][\/vc_icon][vc_icon display=&#8221;inline&#8221; icon=&#8221;fa fa-instagram&#8221; background_style=&#8221;fa-rounded&#8221; css_animation=&#8221;zoom-in&#8221; animation_delay=&#8221;800&#8243; link=&#8221;url:https%3A%2F%2Fwww.instagram.com%2Fshahnazparsa_%3Figsh%3DcW4wZ2Q4c2g0bmd5|target:_blank&#8221; uncode_shortcode_id=&#8221;405247&#8243; icon_color_type=&#8221;uncode-solid&#8221; icon_color_solid=&#8221;#49014d&#8221;][\/vc_icon][\/vc_column_inner][\/vc_row_inner][\/vc_column][\/vc_row]<\/p>\n<\/div>","protected":false},"excerpt":{"rendered":"<p>[vc_row row_height_percent=&#8221;100&#8243; back_color=&#8221;color-xsdn&#8221; back_image=&#8221;142204&#8243; multiple_media=&#8221;yes&#8221; back_repeat=&#8221;no-repeat&#8221; back_position=&#8221;center center&#8221; overlay_color=&#8221;color-nhtu&#8221; overlay_alpha=&#8221;71&#8243; gutter_size=&#8221;3&#8243; column_width_percent=&#8221;100&#8243; shift_y=&#8221;0&#8243; z_index=&#8221;0&#8243; uncode_shortcode_id=&#8221;120865&#8243; back_color_type=&#8221;uncode-palette&#8221; overlay_color_type=&#8221;uncode-palette&#8221;][vc_column column_width_percent=&#8221;90&#8243; gutter_size=&#8221;3&#8243; overlay_alpha=&#8221;50&#8243; [&hellip;]<\/p>\n","protected":false},"author":1,"featured_media":0,"parent":0,"menu_order":0,"comment_status":"closed","ping_status":"closed","template":"","meta":{"footnotes":""},"class_list":["post-65805","page","type-page","status-publish","hentry","page_category-creative","page_category-freelance"],"_links":{"self":[{"href":"https:\/\/shahnazparsa.com\/tr\/wp-json\/wp\/v2\/pages\/65805","targetHints":{"allow":["GET"]}}],"collection":[{"href":"https:\/\/shahnazparsa.com\/tr\/wp-json\/wp\/v2\/pages"}],"about":[{"href":"https:\/\/shahnazparsa.com\/tr\/wp-json\/wp\/v2\/types\/page"}],"author":[{"embeddable":true,"href":"https:\/\/shahnazparsa.com\/tr\/wp-json\/wp\/v2\/users\/1"}],"replies":[{"embeddable":true,"href":"https:\/\/shahnazparsa.com\/tr\/wp-json\/wp\/v2\/comments?post=65805"}],"version-history":[{"count":13,"href":"https:\/\/shahnazparsa.com\/tr\/wp-json\/wp\/v2\/pages\/65805\/revisions"}],"predecessor-version":[{"id":142223,"href":"https:\/\/shahnazparsa.com\/tr\/wp-json\/wp\/v2\/pages\/65805\/revisions\/142223"}],"wp:attachment":[{"href":"https:\/\/shahnazparsa.com\/tr\/wp-json\/wp\/v2\/media?parent=65805"}],"curies":[{"name":"wp","href":"https:\/\/api.w.org\/{rel}","templated":true}]}}