{"id":65550,"date":"2017-08-30T11:33:14","date_gmt":"2017-08-30T09:33:14","guid":{"rendered":"https:\/\/undsgn.com\/uncode\/?page_id=65550"},"modified":"2024-11-07T20:18:37","modified_gmt":"2024-11-07T16:48:37","slug":"contact-us","status":"publish","type":"page","link":"https:\/\/shahnazparsa.com\/tr\/contact-us\/","title":{"rendered":"Contact us"},"content":{"rendered":"<div class=\"wpb-content-wrapper\"><p>[vc_row row_height_percent=&#8221;100&#8243; override_padding=&#8221;yes&#8221; h_padding=&#8221;2&#8243; top_padding=&#8221;5&#8243; bottom_padding=&#8221;5&#8243; back_image=&#8221;142054&#8243; overlay_color=&#8221;color-nhtu&#8221; overlay_alpha=&#8221;70&#8243; equal_height=&#8221;yes&#8221; gutter_size=&#8221;0&#8243; column_width_use_pixel=&#8221;yes&#8221; shift_y=&#8221;0&#8243; z_index=&#8221;0&#8243; row_name=&#8221;Welcome&#8221; uncode_shortcode_id=&#8221;172793&#8243; overlay_color_type=&#8221;uncode-palette&#8221;][vc_column column_width_percent=&#8221;100&#8243; position_vertical=&#8221;middle&#8221; align_horizontal=&#8221;align_center&#8221; gutter_size=&#8221;3&#8243; style=&#8221;dark&#8221; overlay_alpha=&#8221;50&#8243; shift_x=&#8221;0&#8243; shift_y=&#8221;0&#8243; shift_y_down=&#8221;0&#8243; z_index=&#8221;0&#8243; medium_width=&#8221;0&#8243; mobile_width=&#8221;0&#8243; css_animation=&#8221;bottom-t-top&#8221; animation_speed=&#8221;1000&#8243; width=&#8221;1\/1&#8243; uncode_shortcode_id=&#8221;134055&#8243;][vc_custom_heading heading_semantic=&#8221;h1&#8243; text_font=&#8221;font-136269&#8243; text_size=&#8221;h1&#8243; text_weight=&#8221;300&#8243; text_height=&#8221;fontheight-357766&#8243; text_space=&#8221;fontspace-781688&#8243; css_animation=&#8221;curtain&#8221; animation_speed=&#8221;1000&#8243; interval_animation=&#8221;100&#8243; uncode_shortcode_id=&#8221;149626&#8243;]<span class=\"heading-text-highlight \" data-atts='{\"bg\":\"style-color-xsdn-bg\",\"height\":\"5%\",\"offset\":\"0.2em\",\"opacity\":\"0.15\",\"animated\":\"yes\"}'>Bayan Shahnaz Parsa&#8217;n\u0131n web sitesini se\u00e7ti\u011finiz i\u00e7in te\u015fekk\u00fcr ederiz. Her zaman sizden haber al\u0131yoruz<br \/>\nYorumlar\u0131n\u0131z\u0131, \u00f6nerilerinizi ve deneyimlerinizi takdir ediyoruz<\/span>[\/vc_custom_heading][vc_icon icon=&#8221;fa fa-arrow-down4&#8243; background_style=&#8221;fa-rounded&#8221; size=&#8221;fa-2x&#8221; outline=&#8221;yes&#8221; css_animation=&#8221;bottom-t-top&#8221; animation_speed=&#8221;1000&#8243; animation_delay=&#8221;400&#8243; uncode_shortcode_id=&#8221;205698&#8243; link=&#8221;url:%23about&#8221;][\/vc_icon][\/vc_column][\/vc_row][vc_row row_height_percent=&#8221;0&#8243; override_padding=&#8221;yes&#8221; h_padding=&#8221;2&#8243; top_padding=&#8221;3&#8243; bottom_padding=&#8221;3&#8243; overlay_color=&#8221;color-prif&#8221; overlay_alpha=&#8221;50&#8243; gutter_size=&#8221;3&#8243; column_width_percent=&#8221;100&#8243; shift_y=&#8221;0&#8243; z_index=&#8221;0&#8243; uncode_shortcode_id=&#8221;148230&#8243; overlay_color_type=&#8221;uncode-palette&#8221;][vc_column column_width_percent=&#8221;100&#8243; align_horizontal=&#8221;align_center&#8221; gutter_size=&#8221;3&#8243; overlay_alpha=&#8221;50&#8243; shift_x=&#8221;0&#8243; shift_y=&#8221;0&#8243; shift_y_down=&#8221;0&#8243; z_index=&#8221;0&#8243; medium_width=&#8221;0&#8243; mobile_width=&#8221;0&#8243; width=&#8221;1\/1&#8243;][vc_row_inner limit_content=&#8221;&#8221;][vc_column_inner column_width_use_pixel=&#8221;yes&#8221; align_horizontal=&#8221;align_center&#8221; gutter_size=&#8221;3&#8243; overlay_alpha=&#8221;50&#8243; shift_x=&#8221;0&#8243; shift_y=&#8221;0&#8243; shift_y_down=&#8221;0&#8243; z_index=&#8221;0&#8243; medium_width=&#8221;0&#8243; mobile_width=&#8221;0&#8243; width=&#8221;1\/1&#8243; column_width_pixel=&#8221;600&#8243;][vc_custom_heading text_color=&#8221;color-uydo&#8221; text_font=&#8221;font-136269&#8243; text_weight=&#8221;600&#8243; text_transform=&#8221;uppercase&#8221; sub_lead=&#8221;yes&#8221; sub_reduced=&#8221;yes&#8221; uncode_shortcode_id=&#8221;549916&#8243; text_color_type=&#8221;uncode-palette&#8221;]biz buraday\u0131z[\/vc_custom_heading][\/vc_column_inner][\/vc_row_inner][vc_row_inner limit_content=&#8221;&#8221;][vc_column_inner column_width_percent=&#8221;100&#8243; align_horizontal=&#8221;align_center&#8221; gutter_size=&#8221;3&#8243; overlay_alpha=&#8221;50&#8243; shift_x=&#8221;0&#8243; shift_y=&#8221;0&#8243; shift_y_down=&#8221;0&#8243; z_index=&#8221;0&#8243; medium_width=&#8221;0&#8243; mobile_width=&#8221;0&#8243; width=&#8221;1\/3&#8243;][vc_icon 1=&#8221;&#8221; 2=&#8221;style=&#8220;&#8220;font-size:&#8221; 3=&#8221;14px;&#8220;&gt;tel:&#8221; 4=&#8221;+90&#8243; 5=&#8221;0537&#8243; 6=&#8221;0116834&#8243; 7=&#8221;&#8220;&#8221; icon=&#8221;fa fa-mobile2&#8243; icon_color=&#8221;color-uydo&#8221; size=&#8221;fa-3x&#8221; heading_semantic=&#8221;h6&#8243; text_size=&#8221;h6&#8243; linked_title=&#8221;yes&#8221; text_lead=&#8221;small&#8221; uncode_shortcode_id=&#8221;210343&#8243; icon_color_type=&#8221;uncode-palette&#8221; link=&#8221;url:tel%3A%2B9005370116834&#8243;][\/vc_icon][\/vc_column_inner][vc_column_inner column_width_percent=&#8221;100&#8243; align_horizontal=&#8221;align_center&#8221; gutter_size=&#8221;3&#8243; overlay_alpha=&#8221;50&#8243; shift_x=&#8221;0&#8243; shift_y=&#8221;0&#8243; shift_y_down=&#8221;0&#8243; z_index=&#8221;0&#8243; medium_width=&#8221;0&#8243; mobile_width=&#8221;0&#8243; width=&#8221;1\/3&#8243;][vc_icon 1=&#8221;&#8221; 2=&#8221;style=&#8220;&#8220;font-size:&#8221; 3=&#8221;14px;&#8220;&gt;info@glamourvav.com&#8221; 4=&#8221;&#8220;&#8221; icon=&#8221;fa fa-envelope2&#8243; icon_color=&#8221;color-uydo&#8221; size=&#8221;fa-3x&#8221; text_size=&#8221;h6&#8243; uncode_shortcode_id=&#8221;339469&#8243; icon_color_type=&#8221;uncode-palette&#8221; link=&#8221;url:mailto%3Ainfo%40glamourvav.com&#8221;][\/vc_icon][\/vc_column_inner][vc_column_inner column_width_percent=&#8221;100&#8243; align_horizontal=&#8221;align_center&#8221; gutter_size=&#8221;3&#8243; overlay_alpha=&#8221;50&#8243; shift_x=&#8221;0&#8243; shift_y=&#8221;0&#8243; shift_y_down=&#8221;0&#8243; z_index=&#8221;0&#8243; medium_width=&#8221;0&#8243; mobile_width=&#8221;0&#8243; width=&#8221;1\/3&#8243;][vc_icon 1=&#8221;&#8221; 2=&#8221;style=&#8220;&#8220;font-size:&#8221; 3=&#8221;14px;&#8220;&gt;Me\u015frutiyet,&#8221; 4=&#8221;Hac\u0131&#8221; 5=&#8221;Mansur&#8221; 6=&#8221;Sk.&#8221; 7=&#8221;Nil&#8221; 8=&#8221;Apt.&#8221; 9=&#8221;15,&#8221; 10=&#8221;Kat&#8221; 11=&#8221;1,&#8221; 12=&#8221;NO.3,&#8221; 13=&#8221;34363&#8243; 14=&#8221;\u015ei\u015fli\/\u0130stanbul,&#8221; 15=&#8221;Istanbul,&#8221; 16=&#8221;Turkey&#8221; 17=&#8221;&#8220;&#8221; icon=&#8221;fa fa-map-pin&#8221; icon_color=&#8221;color-uydo&#8221; size=&#8221;fa-3x&#8221; text_size=&#8221;h6&#8243; uncode_shortcode_id=&#8221;186365&#8243; icon_color_type=&#8221;uncode-palette&#8221;][\/vc_icon][\/vc_column_inner][\/vc_row_inner][vc_empty_space empty_h=&#8221;0&#8243;][vc_gmaps latlon=&#8221;35.75802480034927, 51.44270765313484&#8243; size=&#8221;500&#8243; map_color=&#8221;color-wayh&#8221; ui_color=&#8221;accent&#8221; zoom=&#8221;13&#8243; map_saturation=&#8221;-100&#8243; map_brightness=&#8221;5&#8243; uncode_shortcode_id=&#8221;119701&#8243; map_color_type=&#8221;uncode-palette&#8221; ui_color_type=&#8221;uncode-palette&#8221;][\/vc_column][\/vc_row][vc_row row_height_percent=&#8221;100&#8243; override_padding=&#8221;yes&#8221; h_padding=&#8221;2&#8243; top_padding=&#8221;5&#8243; bottom_padding=&#8221;5&#8243; back_color=&#8221;color-xsdn&#8221; back_image=&#8221;141883&#8243; back_position=&#8221;center center&#8221; kburns=&#8221;yes&#8221; overlay_color=&#8221;color-rgdb&#8221; overlay_alpha=&#8221;82&#8243; gutter_size=&#8221;4&#8243; column_width_percent=&#8221;100&#8243; shift_y=&#8221;0&#8243; z_index=&#8221;0&#8243; uncode_shortcode_id=&#8221;184795&#8243; back_color_type=&#8221;uncode-palette&#8221; row_name=&#8221;about&#8221; overlay_color_type=&#8221;uncode-palette&#8221;][vc_column column_width_percent=&#8221;100&#8243; position_vertical=&#8221;middle&#8221; align_horizontal=&#8221;align_center&#8221; gutter_size=&#8221;4&#8243; overlay_alpha=&#8221;50&#8243; shift_x=&#8221;0&#8243; shift_y=&#8221;0&#8243; shift_y_down=&#8221;0&#8243; z_index=&#8221;0&#8243; medium_width=&#8221;0&#8243; mobile_width=&#8221;0&#8243; css_animation=&#8221;alpha-anim&#8221; animation_speed=&#8221;1000&#8243; width=&#8221;1\/1&#8243; uncode_shortcode_id=&#8221;193376&#8243;][vc_custom_heading text_color=&#8221;color-xsdn&#8221; text_font=&#8221;font-136269&#8243; text_weight=&#8221;600&#8243; text_transform=&#8221;uppercase&#8221; text_height=&#8221;fontheight-357766&#8243; uncode_shortcode_id=&#8221;100183&#8243; text_color_type=&#8221;uncode-palette&#8221;]\u015eubelerimiz[\/vc_custom_heading][vc_row_inner row_inner_height_percent=&#8221;0&#8243; overlay_alpha=&#8221;50&#8243; gutter_size=&#8221;4&#8243; shift_y=&#8221;0&#8243; z_index=&#8221;0&#8243; limit_content=&#8221;&#8221;][vc_column_inner column_width_percent=&#8221;100&#8243; gutter_size=&#8221;3&#8243; overlay_alpha=&#8221;50&#8243; shift_x=&#8221;0&#8243; shift_y=&#8221;0&#8243; shift_y_down=&#8221;0&#8243; z_index=&#8221;0&#8243; medium_width=&#8221;0&#8243; mobile_width=&#8221;0&#8243; width=&#8221;1\/3&#8243; uncode_shortcode_id=&#8221;152586&#8243;][vc_custom_heading text_color=&#8221;color-uydo&#8221; heading_semantic=&#8221;h3&#8243; text_size=&#8221;h3&#8243; uncode_shortcode_id=&#8221;913672&#8243; text_color_type=&#8221;uncode-palette&#8221;]T\u00fcrkiye (Central office)[\/vc_custom_heading][vc_custom_heading text_color=&#8221;color-gyho&#8221; heading_semantic=&#8221;h4&#8243; text_size=&#8221;h4&#8243; uncode_shortcode_id=&#8221;958579&#8243; text_color_type=&#8221;uncode-palette&#8221;]Istanbul, T\u00fcrkiye<br \/>\ntel: +90 0537 0116834[\/vc_custom_heading][\/vc_column_inner][vc_column_inner column_width_percent=&#8221;100&#8243; gutter_size=&#8221;3&#8243; overlay_alpha=&#8221;50&#8243; shift_x=&#8221;0&#8243; shift_y=&#8221;0&#8243; shift_y_down=&#8221;0&#8243; z_index=&#8221;0&#8243; medium_width=&#8221;0&#8243; mobile_width=&#8221;0&#8243; width=&#8221;1\/3&#8243; uncode_shortcode_id=&#8221;785003&#8243;][vc_custom_heading text_color=&#8221;color-gyho&#8221; heading_semantic=&#8221;h3&#8243; text_size=&#8221;h3&#8243; uncode_shortcode_id=&#8221;167041&#8243; text_color_type=&#8221;uncode-palette&#8221;]United States[\/vc_custom_heading][vc_custom_heading text_color=&#8221;color-uydo&#8221; heading_semantic=&#8221;h4&#8243; text_size=&#8221;h4&#8243; uncode_shortcode_id=&#8221;458399&#8243; text_color_type=&#8221;uncode-palette&#8221;]Denver, Colorado, USA<br \/>\ntel: +90 0537 0116834[\/vc_custom_heading][\/vc_column_inner][vc_column_inner column_width_percent=&#8221;100&#8243; gutter_size=&#8221;3&#8243; overlay_alpha=&#8221;50&#8243; shift_x=&#8221;0&#8243; shift_y=&#8221;0&#8243; shift_y_down=&#8221;0&#8243; z_index=&#8221;0&#8243; medium_width=&#8221;0&#8243; mobile_width=&#8221;0&#8243; width=&#8221;1\/3&#8243; uncode_shortcode_id=&#8221;879875&#8243;][vc_custom_heading text_color=&#8221;color-gyho&#8221; heading_semantic=&#8221;h3&#8243; text_size=&#8221;h3&#8243; uncode_shortcode_id=&#8221;134594&#8243; text_color_type=&#8221;uncode-palette&#8221;]Iran[\/vc_custom_heading][vc_custom_heading text_color=&#8221;color-uydo&#8221; heading_semantic=&#8221;h4&#8243; text_size=&#8221;h4&#8243; uncode_shortcode_id=&#8221;336234&#8243; text_color_type=&#8221;uncode-palette&#8221;]Shiraz, Fars Province, Iran<br \/>\ntel: +90 0537 0116834[\/vc_custom_heading][\/vc_column_inner][\/vc_row_inner][\/vc_column][\/vc_row][vc_row row_height_percent=&#8221;100&#8243; back_color=&#8221;color-rgdb&#8221; back_image=&#8221;141900&#8243; back_position=&#8221;center center&#8221; overlay_color=&#8221;color-nhtu&#8221; overlay_alpha=&#8221;58&#8243; gutter_size=&#8221;4&#8243; column_width_percent=&#8221;100&#8243; shift_y=&#8221;0&#8243; z_index=&#8221;0&#8243; row_name=&#8221;Contact&#8221; uncode_shortcode_id=&#8221;108249&#8243; back_color_type=&#8221;uncode-palette&#8221; overlay_color_type=&#8221;uncode-palette&#8221;][vc_column column_width_percent=&#8221;100&#8243; position_vertical=&#8221;middle&#8221; gutter_size=&#8221;0&#8243; overlay_alpha=&#8221;50&#8243; shift_x=&#8221;0&#8243; shift_y=&#8221;0&#8243; shift_y_down=&#8221;0&#8243; z_index=&#8221;0&#8243; medium_width=&#8221;0&#8243; mobile_width=&#8221;0&#8243; css_animation=&#8221;bottom-t-top&#8221; animation_delay=&#8221;200&#8243; width=&#8221;1\/1&#8243;][vc_row_inner row_inner_height_percent=&#8221;0&#8243; overlay_alpha=&#8221;50&#8243; gutter_size=&#8221;4&#8243; shift_y=&#8221;0&#8243; z_index=&#8221;0&#8243; limit_content=&#8221;&#8221;][vc_column_inner column_width_percent=&#8221;100&#8243; gutter_size=&#8221;2&#8243; overlay_alpha=&#8221;50&#8243; shift_x=&#8221;0&#8243; shift_y=&#8221;0&#8243; shift_y_down=&#8221;0&#8243; z_index=&#8221;0&#8243; medium_width=&#8221;0&#8243; mobile_width=&#8221;0&#8243; width=&#8221;1\/2&#8243;][vc_custom_heading text_color=&#8221;color-xsdn&#8221; text_font=&#8221;font-136269&#8243; text_weight=&#8221;600&#8243; text_transform=&#8221;uppercase&#8221; text_space=&#8221;fontspace-781688&#8243; uncode_shortcode_id=&#8221;684195&#8243; text_color_type=&#8221;uncode-palette&#8221;]Hadi yaratal\u0131m![\/vc_custom_heading][vc_custom_heading text_color=&#8221;color-xsdn&#8221; text_font=&#8221;font-136269&#8243; text_size=&#8221;fontsize-210105&#8243; text_height=&#8221;fontheight-179065&#8243; uncode_shortcode_id=&#8221;510459&#8243; text_color_type=&#8221;uncode-palette&#8221;]Herhangi bir i\u015f teklifi i\u00e7in bir e-posta g\u00f6nderin:[\/vc_custom_heading][\/vc_column_inner][\/vc_row_inner][vc_row_inner row_inner_height_percent=&#8221;0&#8243; overlay_alpha=&#8221;50&#8243; gutter_size=&#8221;3&#8243; shift_y=&#8221;0&#8243; z_index=&#8221;0&#8243; limit_content=&#8221;&#8221; uncode_shortcode_id=&#8221;131161&#8243;][vc_column_inner column_width_percent=&#8221;100&#8243; gutter_size=&#8221;0&#8243; overlay_alpha=&#8221;50&#8243; shift_x=&#8221;0&#8243; shift_y=&#8221;0&#8243; shift_y_down=&#8221;0&#8243; z_index=&#8221;0&#8243; desktop_visibility=&#8221;yes&#8221; medium_visibility=&#8221;yes&#8221; medium_width=&#8221;0&#8243; mobile_width=&#8221;0&#8243; width=&#8221;1\/2&#8243; uncode_shortcode_id=&#8221;172286&#8243;][vc_empty_space empty_h=&#8221;2&#8243; medium_visibility=&#8221;yes&#8221; mobile_visibility=&#8221;yes&#8221;][vc_icon position=&#8221;bottom&#8221; display=&#8221;inline&#8221; icon=&#8221;fa fa-social-facebook&#8221; icon_color=&#8221;accent&#8221; background_style=&#8221;fa-rounded&#8221; css_animation=&#8221;zoom-in&#8221; animation_delay=&#8221;400&#8243; link=&#8221;url:https%3A%2F%2Fwww.facebook.com%2Fpeople%2FShahnaz-Parsa%2F100092720911509%2F%3Fref%3Dxav_ig_profile_web|target:_blank&#8221; uncode_shortcode_id=&#8221;166999&#8243; icon_color_type=&#8221;uncode-palette&#8221;][\/vc_icon][vc_icon position=&#8221;bottom&#8221; display=&#8221;inline&#8221; icon=&#8221;fa fa-youtube-play&#8221; icon_color=&#8221;accent&#8221; background_style=&#8221;fa-rounded&#8221; css_animation=&#8221;zoom-in&#8221; animation_delay=&#8221;400&#8243; link=&#8221;url:http%3A%2F%2Fwww.youtube.com%2F%40shahnazparsa|target:_blank&#8221; uncode_shortcode_id=&#8221;467351&#8243; icon_color_type=&#8221;uncode-palette&#8221;][\/vc_icon][vc_icon position=&#8221;bottom&#8221; display=&#8221;inline&#8221; icon=&#8221;fa fa-whatsapp&#8221; icon_color=&#8221;accent&#8221; background_style=&#8221;fa-rounded&#8221; css_animation=&#8221;zoom-in&#8221; animation_delay=&#8221;400&#8243; link=&#8221;url:https%3A%2F%2Fwa%2Fme%2F05370116834|target:_blank&#8221; uncode_shortcode_id=&#8221;166841&#8243; icon_color_type=&#8221;uncode-palette&#8221;][\/vc_icon][vc_icon position=&#8221;bottom&#8221; display=&#8221;inline&#8221; icon=&#8221;fa fa-instagram&#8221; icon_color=&#8221;accent&#8221; background_style=&#8221;fa-rounded&#8221; css_animation=&#8221;zoom-in&#8221; animation_delay=&#8221;400&#8243; link=&#8221;url:https%3A%2F%2Fwww.instagram.com%2Fglamour.vav%2F|target:_blank&#8221; uncode_shortcode_id=&#8221;727587&#8243; icon_color_type=&#8221;uncode-palette&#8221;][\/vc_icon][vc_custom_heading text_font=&#8221;font-175345&#8243; text_size=&#8221;h4&#8243; text_weight=&#8221;400&#8243; text_height=&#8221;fontheight-357766&#8243; text_space=&#8221;fontspace-781688&#8243; uncode_shortcode_id=&#8221;169332&#8243;][\/vc_custom_heading][\/vc_column_inner][vc_column_inner column_width_percent=&#8221;100&#8243; position_vertical=&#8221;bottom&#8221; align_horizontal=&#8221;align_right&#8221; gutter_size=&#8221;0&#8243; overlay_alpha=&#8221;50&#8243; shift_x=&#8221;0&#8243; shift_y=&#8221;0&#8243; shift_y_down=&#8221;0&#8243; z_index=&#8221;0&#8243; align_medium=&#8221;align_left_tablet&#8221; medium_width=&#8221;0&#8243; mobile_visibility=&#8221;yes&#8221; align_mobile=&#8221;align_left_mobile&#8221; mobile_width=&#8221;0&#8243; width=&#8221;1\/2&#8243; uncode_shortcode_id=&#8221;611164&#8243;][vc_custom_heading text_color=&#8221;color-jevc&#8221; text_size=&#8221;h3&#8243; uncode_shortcode_id=&#8221;148238&#8243; text_color_type=&#8221;uncode-palette&#8221;]<a href=\"mailto:info@shahnazparsa.com\">info@shahnazparsa.com<\/a>[\/vc_custom_heading][vc_empty_space][\/vc_column_inner][\/vc_row_inner][vc_row_inner row_inner_height_percent=&#8221;0&#8243; overlay_alpha=&#8221;50&#8243; gutter_size=&#8221;3&#8243; shift_y=&#8221;0&#8243; z_index=&#8221;0&#8243; limit_content=&#8221;&#8221; uncode_shortcode_id=&#8221;131161&#8243;][vc_column_inner column_width_percent=&#8221;100&#8243; gutter_size=&#8221;0&#8243; overlay_alpha=&#8221;50&#8243; shift_x=&#8221;0&#8243; shift_y=&#8221;0&#8243; shift_y_down=&#8221;0&#8243; z_index=&#8221;0&#8243; desktop_visibility=&#8221;yes&#8221; medium_visibility=&#8221;yes&#8221; medium_width=&#8221;0&#8243; mobile_width=&#8221;0&#8243; width=&#8221;1\/2&#8243; uncode_shortcode_id=&#8221;172286&#8243;][vc_empty_space empty_h=&#8221;2&#8243; medium_visibility=&#8221;yes&#8221; mobile_visibility=&#8221;yes&#8221;][vc_icon position=&#8221;bottom&#8221; display=&#8221;inline&#8221; icon=&#8221;fa fa-social-facebook&#8221; icon_color=&#8221;accent&#8221; background_style=&#8221;fa-rounded&#8221; css_animation=&#8221;zoom-in&#8221; animation_delay=&#8221;400&#8243; link=&#8221;url:https%3A%2F%2Fwww.facebook.com%2Fpeople%2FShahnaz-Parsa%2F100092720911509%2F%3Fref%3Dxav_ig_profile_web|target:_blank&#8221; uncode_shortcode_id=&#8221;166999&#8243; icon_color_type=&#8221;uncode-palette&#8221;][\/vc_icon][vc_icon position=&#8221;bottom&#8221; display=&#8221;inline&#8221; icon=&#8221;fa fa-youtube-play&#8221; icon_color=&#8221;accent&#8221; background_style=&#8221;fa-rounded&#8221; css_animation=&#8221;zoom-in&#8221; animation_delay=&#8221;400&#8243; link=&#8221;url:http%3A%2F%2Fwww.youtube.com%2F%40shahnazparsa|target:_blank&#8221; uncode_shortcode_id=&#8221;467351&#8243; icon_color_type=&#8221;uncode-palette&#8221;][\/vc_icon][vc_icon position=&#8221;bottom&#8221; display=&#8221;inline&#8221; icon=&#8221;fa fa-whatsapp&#8221; icon_color=&#8221;accent&#8221; background_style=&#8221;fa-rounded&#8221; css_animation=&#8221;zoom-in&#8221; animation_delay=&#8221;400&#8243; link=&#8221;url:https%3A%2F%2Fwa%2Fme%2F05370116834|target:_blank&#8221; uncode_shortcode_id=&#8221;166841&#8243; icon_color_type=&#8221;uncode-palette&#8221;][\/vc_icon][vc_icon position=&#8221;bottom&#8221; display=&#8221;inline&#8221; icon=&#8221;fa fa-instagram&#8221; icon_color=&#8221;accent&#8221; background_style=&#8221;fa-rounded&#8221; css_animation=&#8221;zoom-in&#8221; animation_delay=&#8221;400&#8243; link=&#8221;url:https%3A%2F%2Fwww.instagram.com%2Fglamour.vav%2F|target:_blank&#8221; uncode_shortcode_id=&#8221;727587&#8243; icon_color_type=&#8221;uncode-palette&#8221;][\/vc_icon][vc_custom_heading text_font=&#8221;font-175345&#8243; text_size=&#8221;h4&#8243; text_weight=&#8221;400&#8243; text_height=&#8221;fontheight-357766&#8243; text_space=&#8221;fontspace-781688&#8243; uncode_shortcode_id=&#8221;169332&#8243;][\/vc_custom_heading][\/vc_column_inner][vc_column_inner column_width_percent=&#8221;100&#8243; position_vertical=&#8221;bottom&#8221; align_horizontal=&#8221;align_right&#8221; gutter_size=&#8221;0&#8243; overlay_alpha=&#8221;50&#8243; shift_x=&#8221;0&#8243; shift_y=&#8221;0&#8243; shift_y_down=&#8221;0&#8243; z_index=&#8221;0&#8243; align_medium=&#8221;align_left_tablet&#8221; medium_width=&#8221;0&#8243; mobile_visibility=&#8221;yes&#8221; align_mobile=&#8221;align_left_mobile&#8221; mobile_width=&#8221;0&#8243; width=&#8221;1\/2&#8243; uncode_shortcode_id=&#8221;611164&#8243;][vc_icon display=&#8221;inline&#8221; icon=&#8221;fa fa-social-facebook&#8221; background_style=&#8221;fa-rounded&#8221; css_animation=&#8221;zoom-in&#8221; animation_delay=&#8221;400&#8243; link=&#8221;url:https%3A%2F%2Fwww.facebook.com%2Fpeople%2FShahnaz-Parsa%2F100092720911509%2F%3Fref%3Dxav_ig_profile_web|target:_blank&#8221; uncode_shortcode_id=&#8221;212477&#8243; icon_color_type=&#8221;uncode-solid&#8221; icon_color_solid=&#8221;#49014d&#8221;][\/vc_icon][vc_icon display=&#8221;inline&#8221; icon=&#8221;fa fa-youtube-play&#8221; background_style=&#8221;fa-rounded&#8221; css_animation=&#8221;zoom-in&#8221; animation_delay=&#8221;800&#8243; link=&#8221;url:http%3A%2F%2Fwww.youtube.com%2F%40shahnazparsa|target:_blank&#8221; uncode_shortcode_id=&#8221;367947&#8243; icon_color_type=&#8221;uncode-solid&#8221; icon_color_solid=&#8221;#49014d&#8221;][\/vc_icon][vc_icon display=&#8221;inline&#8221; icon=&#8221;fa fa-whatsapp&#8221; background_style=&#8221;fa-rounded&#8221; css_animation=&#8221;zoom-in&#8221; animation_delay=&#8221;800&#8243; link=&#8221;url:https%3A%2F%2Fwa%2Fme%2F5370116834|target:_blank&#8221; uncode_shortcode_id=&#8221;742859&#8243; icon_color_type=&#8221;uncode-solid&#8221; icon_color_solid=&#8221;#49014d&#8221;][\/vc_icon][vc_icon display=&#8221;inline&#8221; icon=&#8221;fa fa-instagram&#8221; background_style=&#8221;fa-rounded&#8221; css_animation=&#8221;zoom-in&#8221; animation_delay=&#8221;800&#8243; link=&#8221;url:https%3A%2F%2Fwww.instagram.com%2Fshahnazparsa_%3Figsh%3DcW4wZ2Q4c2g0bmd5|target:_blank&#8221; uncode_shortcode_id=&#8221;405247&#8243; icon_color_type=&#8221;uncode-solid&#8221; icon_color_solid=&#8221;#49014d&#8221;][\/vc_icon][\/vc_column_inner][\/vc_row_inner][\/vc_column][\/vc_row]<\/p>\n<\/div>","protected":false},"excerpt":{"rendered":"<p>[vc_row row_height_percent=&#8221;100&#8243; override_padding=&#8221;yes&#8221; h_padding=&#8221;2&#8243; top_padding=&#8221;5&#8243; bottom_padding=&#8221;5&#8243; back_image=&#8221;142054&#8243; overlay_color=&#8221;color-nhtu&#8221; overlay_alpha=&#8221;70&#8243; equal_height=&#8221;yes&#8221; gutter_size=&#8221;0&#8243; column_width_use_pixel=&#8221;yes&#8221; shift_y=&#8221;0&#8243; z_index=&#8221;0&#8243; row_name=&#8221;Welcome&#8221; uncode_shortcode_id=&#8221;172793&#8243; overlay_color_type=&#8221;uncode-palette&#8221;][vc_column column_width_percent=&#8221;100&#8243; position_vertical=&#8221;middle&#8221; align_horizontal=&#8221;align_center&#8221; [&hellip;]<\/p>\n","protected":false},"author":1,"featured_media":0,"parent":0,"menu_order":0,"comment_status":"closed","ping_status":"closed","template":"","meta":{"footnotes":""},"class_list":["post-65550","page","type-page","status-publish","hentry","page_category-classic","page_category-agency"],"_links":{"self":[{"href":"https:\/\/shahnazparsa.com\/tr\/wp-json\/wp\/v2\/pages\/65550","targetHints":{"allow":["GET"]}}],"collection":[{"href":"https:\/\/shahnazparsa.com\/tr\/wp-json\/wp\/v2\/pages"}],"about":[{"href":"https:\/\/shahnazparsa.com\/tr\/wp-json\/wp\/v2\/types\/page"}],"author":[{"embeddable":true,"href":"https:\/\/shahnazparsa.com\/tr\/wp-json\/wp\/v2\/users\/1"}],"replies":[{"embeddable":true,"href":"https:\/\/shahnazparsa.com\/tr\/wp-json\/wp\/v2\/comments?post=65550"}],"version-history":[{"count":7,"href":"https:\/\/shahnazparsa.com\/tr\/wp-json\/wp\/v2\/pages\/65550\/revisions"}],"predecessor-version":[{"id":142225,"href":"https:\/\/shahnazparsa.com\/tr\/wp-json\/wp\/v2\/pages\/65550\/revisions\/142225"}],"wp:attachment":[{"href":"https:\/\/shahnazparsa.com\/tr\/wp-json\/wp\/v2\/media?parent=65550"}],"curies":[{"name":"wp","href":"https:\/\/api.w.org\/{rel}","templated":true}]}}